{"id":332,"date":"2015-01-19T20:08:44","date_gmt":"2015-01-19T20:08:44","guid":{"rendered":"http:\/\/www.osens.pizza\/wordpress\/?page_id=332"},"modified":"2023-06-14T18:21:11","modified_gmt":"2023-06-14T18:21:11","slug":"conditions-generales-de-ventes-et-de-livraisons","status":"publish","type":"page","link":"http:\/\/www.osens.pizza\/wordpress\/conditions-generales-de-ventes-et-de-livraisons\/","title":{"rendered":"CG de livraison \u00e0 domicile Marrakech"},"content":{"rendered":"<h3>Zone de livraison \u00e0 domicile Marrakech<\/h3>\n<p class=\"texte\">Nous livrons nos plats et produits sur Marrakech, \u00e0 la commande pr\u00e9cisez votre adresse pour avoir confirmation que celle-ci rentre bien dans notre zone de livraison \u00e0 domicile Marrakech<\/p>\n<h3>Moyen de paiement<\/h3>\n<p class=\"texte\">Nous acceptons les moyens de paiement suivant : <strong>Esp\u00e8ce , Minimum de livraison : 50 dhs<\/strong><\/p>\n<p class=\"texte\">Pour la Carte bancaire, elle n&rsquo;est accept\u00e9e que pour les commandes \u00e0 emporter sur place, &nbsp;pour les autres moyens de paiements,&nbsp;Les ch\u00e8ques ne sont pas accept\u00e9s<\/p>\n<h3>Livreur et la monnaie<\/h3>\n<p class=\"texte\">Nos Livreurs ne disposent que de 100 dhs de monnaie sur eux, si vous ne poss\u00e9dez pas de monnaie, veuillez nous l&rsquo;informer avant chaque commande<\/p>\n<p class=\"texte\"><span class=\"red\"><strong>O Sens&nbsp; &#8211; Marrakech<\/strong><br \/>\n<\/span><\/p>\n<p class=\"texte\">La livraison \u00e0 domicile Marrakech<\/p>\n<p class=\"texte\"><span class=\"red\">32, Rue IBN Atya Gu\u00e9liz Marrakech<br \/>\n<\/span><\/p>\n<p class=\"texte\"><span class=\"red\"><strong>Tel : <\/strong><\/span><span class=\"red\"><strong>05 24 45 86 17 \/ 05 24 43 30 81<\/strong><br \/>\n<\/span><\/p>\n<p class=\"texte\">Ouvert: 7 jours sur 7<br \/>\nHoraires de livraisons : 12h00 &#8211; 23h00<\/p>\n<h3><strong>Notice d&rsquo;utilisation des num\u00e9ros de t\u00e9l\u00e9phone \u00e0 des fins publicitaires avec option de d\u00e9sabonnement par e-mail<\/strong><\/h3>\n<ol>\n<li>Collecte des num\u00e9ros de t\u00e9l\u00e9phone : Lorsque vous passez une commande de livraison \u00e0 domicile aupr\u00e8s de notre restaurant, nous collectons votre num\u00e9ro de t\u00e9l\u00e9phone pour des besoins de communication li\u00e9s \u00e0 votre commande, tels que la confirmation de la commande, les mises \u00e0 jour sur l&rsquo;\u00e9tat de la livraison, ou pour r\u00e9soudre tout probl\u00e8me li\u00e9 \u00e0 votre commande.<\/li>\n<li>Utilisation des num\u00e9ros de t\u00e9l\u00e9phone \u00e0 des fins publicitaires : En tant que client, vous consentez automatiquement \u00e0 recevoir des messages publicitaires de notre part, \u00e0 moins que vous ne manifestiez votre refus. Nous pouvons utiliser votre num\u00e9ro de t\u00e9l\u00e9phone pour vous informer sur nos produits, services, promotions et offres sp\u00e9ciales par SMS ou par d&rsquo;autres canaux de communication similaires.<\/li>\n<li>Option de d\u00e9sabonnement : Si vous ne souhaitez pas recevoir de messages publicitaires de notre part, vous pouvez vous d\u00e9sabonner en nous envoyant un e-mail \u00e0 l&rsquo;adresse suivante : <a href=\"mailto:contact@osens.pizza\" target=\"_new\" rel=\"noopener noreferrer\">contact@osens.pizza<\/a>. Une fois que nous recevrons votre demande de d\u00e9sabonnement par e-mail, nous cesserons l&rsquo;envoi de tout message publicitaire \u00e0 votre num\u00e9ro de t\u00e9l\u00e9phone.<\/li>\n<li>Confidentialit\u00e9 et s\u00e9curit\u00e9 des donn\u00e9es : Nous respectons votre vie priv\u00e9e et nous nous engageons \u00e0 prot\u00e9ger vos donn\u00e9es personnelles, y compris votre num\u00e9ro de t\u00e9l\u00e9phone. Nous prendrons toutes les mesures appropri\u00e9es pour assurer la confidentialit\u00e9 et la s\u00e9curit\u00e9 de vos informations conform\u00e9ment aux lois et r\u00e9glementations applicables.<\/li>\n<\/ol>\n<p>Veuillez noter que si vous vous d\u00e9sabonnez des messages publicitaires, nous continuerons n\u00e9anmoins \u00e0 utiliser votre num\u00e9ro de t\u00e9l\u00e9phone pour la communication li\u00e9e \u00e0 votre commande de livraison \u00e0 domicile, telle que d\u00e9crite pr\u00e9c\u00e9demment.<\/p>\n<p>Si vous avez des questions suppl\u00e9mentaires ou des pr\u00e9occupations, n&rsquo;h\u00e9sitez pas \u00e0 nous contacter \u00e0 l&rsquo;adresse e-mail indiqu\u00e9e ci-dessus<\/p>\n","protected":false},"excerpt":{"rendered":"<p>Zone de livraison \u00e0 domicile Marrakech Nous livrons nos plats et produits sur Marrakech, \u00e0 la commande pr\u00e9cisez votre adresse pour avoir confirmation que celle-ci rentre bien dans notre zone de livraison \u00e0 domicile Marrakech Moyen de paiement Nous acceptons [&hellip;]<\/p>\n","protected":false},"author":1,"featured_media":0,"parent":0,"menu_order":0,"comment_status":"closed","ping_status":"open","template":"","meta":[],"_links":{"self":[{"href":"http:\/\/www.osens.pizza\/wordpress\/wp-json\/wp\/v2\/pages\/332"}],"collection":[{"href":"http:\/\/www.osens.pizza\/wordpress\/wp-json\/wp\/v2\/pages"}],"about":[{"href":"http:\/\/www.osens.pizza\/wordpress\/wp-json\/wp\/v2\/types\/page"}],"author":[{"embeddable":true,"href":"http:\/\/www.osens.pizza\/wordpress\/wp-json\/wp\/v2\/users\/1"}],"replies":[{"embeddable":true,"href":"http:\/\/www.osens.pizza\/wordpress\/wp-json\/wp\/v2\/comments?post=332"}],"version-history":[{"count":16,"href":"http:\/\/www.osens.pizza\/wordpress\/wp-json\/wp\/v2\/pages\/332\/revisions"}],"predecessor-version":[{"id":654,"href":"http:\/\/www.osens.pizza\/wordpress\/wp-json\/wp\/v2\/pages\/332\/revisions\/654"}],"wp:attachment":[{"href":"http:\/\/www.osens.pizza\/wordpress\/wp-json\/wp\/v2\/media?parent=332"}],"curies":[{"name":"wp","href":"https:\/\/api.w.org\/{rel}","templated":true}]}}